{"id":921,"date":"2024-01-23T08:50:19","date_gmt":"2024-01-23T08:50:19","guid":{"rendered":"https:\/\/praxis-wiest.de\/?page_id=921"},"modified":"2024-01-23T09:23:56","modified_gmt":"2024-01-23T09:23:56","slug":"elementor-921","status":"publish","type":"page","link":"https:\/\/praxis-wiest.de\/?page_id=921","title":{"rendered":"Elementor #921"},"content":{"rendered":"\t\t<div data-elementor-type=\"wp-page\" data-elementor-id=\"921\" class=\"elementor elementor-921\" data-elementor-post-type=\"page\">\n\t\t\t\t\t\t<section class=\"elementor-section elementor-top-section elementor-element elementor-element-0e8a1a3 elementor-section-boxed elementor-section-height-default elementor-section-height-default\" data-id=\"0e8a1a3\" data-element_type=\"section\" data-e-type=\"section\">\n\t\t\t\t\t\t<div class=\"elementor-container elementor-column-gap-default\">\n\t\t\t\t\t<div class=\"elementor-column elementor-col-100 elementor-top-column elementor-element elementor-element-1be41bb\" data-id=\"1be41bb\" data-element_type=\"column\" data-e-type=\"column\">\n\t\t\t<div class=\"elementor-widget-wrap elementor-element-populated\">\n\t\t\t\t\t\t<div class=\"elementor-element elementor-element-6e6524f elementor-widget elementor-widget-heading\" data-id=\"6e6524f\" data-element_type=\"widget\" data-e-type=\"widget\" data-widget_type=\"heading.default\">\n\t\t\t\t<div class=\"elementor-widget-container\">\n\t\t\t\t\t<h2 class=\"elementor-heading-title elementor-size-default\">E-Rezept:<\/h2>\t\t\t\t<\/div>\n\t\t\t\t<\/div>\n\t\t\t\t\t<\/div>\n\t\t<\/div>\n\t\t\t\t\t<\/div>\n\t\t<\/section>\n\t\t\t\t<section class=\"elementor-section elementor-top-section elementor-element elementor-element-9968dc0 elementor-section-boxed elementor-section-height-default elementor-section-height-default\" data-id=\"9968dc0\" data-element_type=\"section\" data-e-type=\"section\">\n\t\t\t\t\t\t<div class=\"elementor-container elementor-column-gap-default\">\n\t\t\t\t\t<div class=\"elementor-column elementor-col-100 elementor-top-column elementor-element elementor-element-844031f\" data-id=\"844031f\" data-element_type=\"column\" data-e-type=\"column\">\n\t\t\t<div class=\"elementor-widget-wrap elementor-element-populated\">\n\t\t\t\t\t\t<div class=\"elementor-element elementor-element-ca8c292 elementor-widget elementor-widget-text-editor\" data-id=\"ca8c292\" data-element_type=\"widget\" data-e-type=\"widget\" data-widget_type=\"text-editor.default\">\n\t\t\t\t<div class=\"elementor-widget-container\">\n\t\t\t\t\t\t\t\t\t<p>Ab dem 1.1.2024 werden Rezepte f\u00fcr <strong>Gesetzlich Versicherte<\/strong> \u00fcberwiegend nur noch als <strong>E-Rezepte<\/strong> ausgestellt. <br \/>Dazu ben\u00f6tigen Sie unbedingt die Versichertenkarten Ihres Kindes, die einmalig im Quartal schon in der Praxis eingelesen worden sein muss.<\/p><p><span style=\"color: #ff0000;\"><strong>Eine Ausstellung ohne Versichertenkarte ist dann nicht mehr m\u00f6glich.<\/strong><\/span><\/p><p>Weitere Infos zum E-Rezept:<\/p><p>Zun\u00e4chst gilt dies nur f\u00fcr <strong>rezeptpflichtige Medikamente<\/strong> bei <strong>gesetzlich Versicherten<\/strong>.<\/p><p><span style=\"font-size: 20px; color: var( --e-global-color-text );\">Bisher nicht \u00fcber E-Rezept m\u00f6glich:<\/span><\/p><ul><li>Hilfsmittelrezepte (Windeln, Inhalierger\u00e4te, Milchpumpen, Verbandmittel)<\/li><li>apothekenpflichtige, aber nicht verschreibungspflichtige Arzneimittel, z. B. f\u00fcr Kinder (rosa Rezept), Beispiel Makrogol!<\/li><li>gr\u00fcne Rezepte<\/li><li>Privatrezepte f\u00fcr Selbstzahler und Privat Versicherte<\/li><li>Heilmittelverordnungen (Sprach-, Ergo-, Physiotherapie)<\/li><li>BtM-Rezepte, Beispiel Medikinet<\/li><\/ul><p>Es gibt verschiedene Varianten des E-Rezeptes<\/p><p><strong><span style=\"text-decoration: underline;\">A. papierlos:<\/span><\/strong><\/p><ol><li><span style=\"font-size: 20px; color: var( --e-global-color-text );\">Einl\u00f6sen mit der Versicherungskarte des Kindes in der Apotheke<\/span><\/li><li>E-Rezept \u00fcber die App der Gematik &#8222;Das E-Rezept&#8220;<\/li><\/ol><p><span style=\"color: var( --e-global-color-text ); font-size: 20px;\">z<i>u 1. Es kann nur das Elternteil ein Rezept einl\u00f6sen, welches die Versicherungskarte bei sich hat.<\/i><\/span><\/p><p><span style=\"font-size: 20px; color: var( --e-global-color-text );\">z<i>u 2. Mit der Versichertenkarte Ihres Kindes k\u00f6nnen Sie \u00fcber einen PIN (erh\u00e4ltlich \u00fcber die Krankenkasse) auf verschiedenen Handys die E-Rezept-App gleichzeitig freischalten und Rezepte einl\u00f6sen.<\/i><\/span><\/p><p><strong><span style=\"text-decoration: underline;\">B. Papierausdruck mit QR-Codes<\/span><\/strong><\/p><p>Bitte entnehmen Sie n\u00e4here Informationen aus der Internetseite des Bundesgesundheitsministeriums unter: <a href=\"https:\/\/www.bundesgesundheitsministerium.de\/e-rezept\/faq-e-rezept-egk\">https:\/\/www.bundesgesundheitsministerium.de\/e-rezept\/faq-e-rezept-egk<\/a><br \/>Ergeben sich noch Fragen? Sprechen Sie uns gerne an.<\/p>\t\t\t\t\t\t\t\t<\/div>\n\t\t\t\t<\/div>\n\t\t\t\t\t<\/div>\n\t\t<\/div>\n\t\t\t\t\t<\/div>\n\t\t<\/section>\n\t\t\t\t<section class=\"elementor-section elementor-top-section elementor-element elementor-element-1add622 elementor-section-boxed elementor-section-height-default elementor-section-height-default\" data-id=\"1add622\" data-element_type=\"section\" data-e-type=\"section\">\n\t\t\t\t\t\t<div class=\"elementor-container elementor-column-gap-default\">\n\t\t\t\t\t<div class=\"elementor-column elementor-col-100 elementor-top-column elementor-element elementor-element-c8950d7\" data-id=\"c8950d7\" data-element_type=\"column\" data-e-type=\"column\">\n\t\t\t<div class=\"elementor-widget-wrap elementor-element-populated\">\n\t\t\t\t\t\t<div class=\"elementor-element elementor-element-b6c66c4 elementor-widget elementor-widget-heading\" data-id=\"b6c66c4\" data-element_type=\"widget\" data-e-type=\"widget\" data-widget_type=\"heading.default\">\n\t\t\t\t<div class=\"elementor-widget-container\">\n\t\t\t\t\t<h2 class=\"elementor-heading-title elementor-size-default\">Ihr Praxisteam Dr. Stephanie Wiest<\/h2>\t\t\t\t<\/div>\n\t\t\t\t<\/div>\n\t\t\t\t\t<\/div>\n\t\t<\/div>\n\t\t\t\t\t<\/div>\n\t\t<\/section>\n\t\t\t\t<\/div>\n\t\t","protected":false},"excerpt":{"rendered":"<p>E-Rezept: Ab dem 1.1.2024 werden Rezepte f\u00fcr Gesetzlich Versicherte \u00fcberwiegend nur noch als E-Rezepte ausgestellt. Dazu ben\u00f6tigen Sie unbedingt die Versichertenkarten Ihres Kindes, die einmalig im Quartal schon in der Praxis eingelesen worden sein muss. Eine Ausstellung ohne Versichertenkarte ist dann nicht mehr m\u00f6glich. Weitere Infos zum E-Rezept: Zun\u00e4chst gilt dies nur f\u00fcr rezeptpflichtige Medikamente [&hellip;]<\/p>\n","protected":false},"author":2,"featured_media":0,"parent":0,"menu_order":0,"comment_status":"closed","ping_status":"closed","template":"","meta":{"ocean_post_layout":"","ocean_both_sidebars_style":"","ocean_both_sidebars_content_width":0,"ocean_both_sidebars_sidebars_width":0,"ocean_sidebar":"","ocean_second_sidebar":"","ocean_disable_margins":"enable","ocean_add_body_class":"","ocean_shortcode_before_top_bar":"","ocean_shortcode_after_top_bar":"","ocean_shortcode_before_header":"","ocean_shortcode_after_header":"","ocean_has_shortcode":"","ocean_shortcode_after_title":"","ocean_shortcode_before_footer_widgets":"","ocean_shortcode_after_footer_widgets":"","ocean_shortcode_before_footer_bottom":"","ocean_shortcode_after_footer_bottom":"","ocean_display_top_bar":"default","ocean_display_header":"default","ocean_header_style":"","ocean_center_header_left_menu":"","ocean_custom_header_template":"","ocean_custom_logo":0,"ocean_custom_retina_logo":0,"ocean_custom_logo_max_width":0,"ocean_custom_logo_tablet_max_width":0,"ocean_custom_logo_mobile_max_width":0,"ocean_custom_logo_max_height":0,"ocean_custom_logo_tablet_max_height":0,"ocean_custom_logo_mobile_max_height":0,"ocean_header_custom_menu":"","ocean_menu_typo_font_family":"","ocean_menu_typo_font_subset":"","ocean_menu_typo_font_size":0,"ocean_menu_typo_font_size_tablet":0,"ocean_menu_typo_font_size_mobile":0,"ocean_menu_typo_font_size_unit":"px","ocean_menu_typo_font_weight":"","ocean_menu_typo_font_weight_tablet":"","ocean_menu_typo_font_weight_mobile":"","ocean_menu_typo_transform":"","ocean_menu_typo_transform_tablet":"","ocean_menu_typo_transform_mobile":"","ocean_menu_typo_line_height":0,"ocean_menu_typo_line_height_tablet":0,"ocean_menu_typo_line_height_mobile":0,"ocean_menu_typo_line_height_unit":"","ocean_menu_typo_spacing":0,"ocean_menu_typo_spacing_tablet":0,"ocean_menu_typo_spacing_mobile":0,"ocean_menu_typo_spacing_unit":"","ocean_menu_link_color":"","ocean_menu_link_color_hover":"","ocean_menu_link_color_active":"","ocean_menu_link_background":"","ocean_menu_link_hover_background":"","ocean_menu_link_active_background":"","ocean_menu_social_links_bg":"","ocean_menu_social_hover_links_bg":"","ocean_menu_social_links_color":"","ocean_menu_social_hover_links_color":"","ocean_disable_title":"default","ocean_disable_heading":"default","ocean_post_title":"","ocean_post_subheading":"","ocean_post_title_style":"","ocean_post_title_background_color":"","ocean_post_title_background":0,"ocean_post_title_bg_image_position":"","ocean_post_title_bg_image_attachment":"","ocean_post_title_bg_image_repeat":"","ocean_post_title_bg_image_size":"","ocean_post_title_height":0,"ocean_post_title_bg_overlay":0.5,"ocean_post_title_bg_overlay_color":"","ocean_disable_breadcrumbs":"default","ocean_breadcrumbs_color":"","ocean_breadcrumbs_separator_color":"","ocean_breadcrumbs_links_color":"","ocean_breadcrumbs_links_hover_color":"","ocean_display_footer_widgets":"default","ocean_display_footer_bottom":"default","ocean_custom_footer_template":"","footnotes":""},"class_list":["post-921","page","type-page","status-publish","hentry","entry"],"_links":{"self":[{"href":"https:\/\/praxis-wiest.de\/index.php?rest_route=\/wp\/v2\/pages\/921","targetHints":{"allow":["GET"]}}],"collection":[{"href":"https:\/\/praxis-wiest.de\/index.php?rest_route=\/wp\/v2\/pages"}],"about":[{"href":"https:\/\/praxis-wiest.de\/index.php?rest_route=\/wp\/v2\/types\/page"}],"author":[{"embeddable":true,"href":"https:\/\/praxis-wiest.de\/index.php?rest_route=\/wp\/v2\/users\/2"}],"replies":[{"embeddable":true,"href":"https:\/\/praxis-wiest.de\/index.php?rest_route=%2Fwp%2Fv2%2Fcomments&post=921"}],"version-history":[{"count":15,"href":"https:\/\/praxis-wiest.de\/index.php?rest_route=\/wp\/v2\/pages\/921\/revisions"}],"predecessor-version":[{"id":946,"href":"https:\/\/praxis-wiest.de\/index.php?rest_route=\/wp\/v2\/pages\/921\/revisions\/946"}],"wp:attachment":[{"href":"https:\/\/praxis-wiest.de\/index.php?rest_route=%2Fwp%2Fv2%2Fmedia&parent=921"}],"curies":[{"name":"wp","href":"https:\/\/api.w.org\/{rel}","templated":true}]}}