{"id":23,"date":"2018-05-17T19:28:23","date_gmt":"2018-05-17T19:28:23","guid":{"rendered":"https:\/\/praxiswiest.webanker.io\/?page_id=23"},"modified":"2025-05-27T06:29:03","modified_gmt":"2025-05-27T06:29:03","slug":"praxis","status":"publish","type":"page","link":"https:\/\/praxis-wiest.de\/?page_id=23","title":{"rendered":"Praxis"},"content":{"rendered":"\t\t<div data-elementor-type=\"wp-post\" data-elementor-id=\"23\" class=\"elementor elementor-23\" data-elementor-post-type=\"page\">\n\t\t\t\t\t\t<section class=\"elementor-section elementor-top-section elementor-element elementor-element-2c124fc4 elementor-section-stretched elementor-section-full_width elementor-section-height-default elementor-section-height-default\" data-id=\"2c124fc4\" data-element_type=\"section\" data-e-type=\"section\" data-settings=\"{&quot;stretch_section&quot;:&quot;section-stretched&quot;,&quot;shape_divider_top&quot;:&quot;wave-brush&quot;}\">\n\t\t\t\t\t<div class=\"elementor-shape elementor-shape-top\" aria-hidden=\"true\" data-negative=\"false\">\n\t\t\t<svg xmlns=\"http:\/\/www.w3.org\/2000\/svg\" viewBox=\"0 0 283.5 27.8\" preserveAspectRatio=\"none\">\n\t<path class=\"elementor-shape-fill\" d=\"M283.5,9.7c0,0-7.3,4.3-14,4.6c-6.8,0.3-12.6,0-20.9-1.5c-11.3-2-33.1-10.1-44.7-5.7\ts-12.1,4.6-18,7.4c-6.6,3.2-20,9.6-36.6,9.3C131.6,23.5,99.5,7.2,86.3,8c-1.4,0.1-6.6,0.8-10.5,2c-3.8,1.2-9.4,3.8-17,4.7\tc-3.2,0.4-8.3,1.1-14.2,0.9c-1.5-0.1-6.3-0.4-12-1.6c-5.7-1.2-11-3.1-15.8-3.7C6.5,9.2,0,10.8,0,10.8V0h283.5V9.7z M260.8,11.3\tc-0.7-1-2-0.4-4.3-0.4c-2.3,0-6.1-1.2-5.8-1.1c0.3,0.1,3.1,1.5,6,1.9C259.7,12.2,261.4,12.3,260.8,11.3z M242.4,8.6\tc0,0-2.4-0.2-5.6-0.9c-3.2-0.8-10.3-2.8-15.1-3.5c-8.2-1.1-15.8,0-15.1,0.1c0.8,0.1,9.6-0.6,17.6,1.1c3.3,0.7,9.3,2.2,12.4,2.7\tC239.9,8.7,242.4,8.6,242.4,8.6z M185.2,8.5c1.7-0.7-13.3,4.7-18.5,6.1c-2.1,0.6-6.2,1.6-10,2c-3.9,0.4-8.9,0.4-8.8,0.5\tc0,0.2,5.8,0.8,11.2,0c5.4-0.8,5.2-1.1,7.6-1.6C170.5,14.7,183.5,9.2,185.2,8.5z M199.1,6.9c0.2,0-0.8-0.4-4.8,1.1\tc-4,1.5-6.7,3.5-6.9,3.7c-0.2,0.1,3.5-1.8,6.6-3C197,7.5,199,6.9,199.1,6.9z M283,6c-0.1,0.1-1.9,1.1-4.8,2.5s-6.9,2.8-6.7,2.7\tc0.2,0,3.5-0.6,7.4-2.5C282.8,6.8,283.1,5.9,283,6z M31.3,11.6c0.1-0.2-1.9-0.2-4.5-1.2s-5.4-1.6-7.8-2C15,7.6,7.3,8.5,7.7,8.6\tC8,8.7,15.9,8.3,20.2,9.3c2.2,0.5,2.4,0.5,5.7,1.6S31.2,11.9,31.3,11.6z M73,9.2c0.4-0.1,3.5-1.6,8.4-2.6c4.9-1.1,8.9-0.5,8.9-0.8\tc0-0.3-1-0.9-6.2-0.3S72.6,9.3,73,9.2z M71.6,6.7C71.8,6.8,75,5.4,77.3,5c2.3-0.3,1.9-0.5,1.9-0.6c0-0.1-1.1-0.2-2.7,0.2\tC74.8,5.1,71.4,6.6,71.6,6.7z M93.6,4.4c0.1,0.2,3.5,0.8,5.6,1.8c2.1,1,1.8,0.6,1.9,0.5c0.1-0.1-0.8-0.8-2.4-1.3\tC97.1,4.8,93.5,4.2,93.6,4.4z M65.4,11.1c-0.1,0.3,0.3,0.5,1.9-0.2s2.6-1.3,2.2-1.2s-0.9,0.4-2.5,0.8C65.3,10.9,65.5,10.8,65.4,11.1\tz M34.5,12.4c-0.2,0,2.1,0.8,3.3,0.9c1.2,0.1,2,0.1,2-0.2c0-0.3-0.1-0.5-1.6-0.4C36.6,12.8,34.7,12.4,34.5,12.4z M152.2,21.1\tc-0.1,0.1-2.4-0.3-7.5-0.3c-5,0-13.6-2.4-17.2-3.5c-3.6-1.1,10,3.9,16.5,4.1C150.5,21.6,152.3,21,152.2,21.1z\"\/>\n\t<path class=\"elementor-shape-fill\" d=\"M269.6,18c-0.1-0.1-4.6,0.3-7.2,0c-7.3-0.7-17-3.2-16.6-2.9c0.4,0.3,13.7,3.1,17,3.3\tC267.7,18.8,269.7,18,269.6,18z\"\/>\n\t<path class=\"elementor-shape-fill\" d=\"M227.4,9.8c-0.2-0.1-4.5-1-9.5-1.2c-5-0.2-12.7,0.6-12.3,0.5c0.3-0.1,5.9-1.8,13.3-1.2\tS227.6,9.9,227.4,9.8z\"\/>\n\t<path class=\"elementor-shape-fill\" d=\"M204.5,13.4c-0.1-0.1,2-1,3.2-1.1c1.2-0.1,2,0,2,0.3c0,0.3-0.1,0.5-1.6,0.4\tC206.4,12.9,204.6,13.5,204.5,13.4z\"\/>\n\t<path class=\"elementor-shape-fill\" d=\"M201,10.6c0-0.1-4.4,1.2-6.3,2.2c-1.9,0.9-6.2,3.1-6.1,3.1c0.1,0.1,4.2-1.6,6.3-2.6\tS201,10.7,201,10.6z\"\/>\n\t<path class=\"elementor-shape-fill\" d=\"M154.5,26.7c-0.1-0.1-4.6,0.3-7.2,0c-7.3-0.7-17-3.2-16.6-2.9c0.4,0.3,13.7,3.1,17,3.3\tC152.6,27.5,154.6,26.8,154.5,26.7z\"\/>\n\t<path class=\"elementor-shape-fill\" d=\"M41.9,19.3c0,0,1.2-0.3,2.9-0.1c1.7,0.2,5.8,0.9,8.2,0.7c4.2-0.4,7.4-2.7,7-2.6\tc-0.4,0-4.3,2.2-8.6,1.9c-1.8-0.1-5.1-0.5-6.7-0.4S41.9,19.3,41.9,19.3z\"\/>\n\t<path class=\"elementor-shape-fill\" d=\"M75.5,12.6c0.2,0.1,2-0.8,4.3-1.1c2.3-0.2,2.1-0.3,2.1-0.5c0-0.1-1.8-0.4-3.4,0\tC76.9,11.5,75.3,12.5,75.5,12.6z\"\/>\n\t<path class=\"elementor-shape-fill\" d=\"M15.6,13.2c0-0.1,4.3,0,6.7,0.5c2.4,0.5,5,1.9,5,2c0,0.1-2.7-0.8-5.1-1.4\tC19.9,13.7,15.7,13.3,15.6,13.2z\"\/>\n<\/svg>\t\t<\/div>\n\t\t\t\t\t<div class=\"elementor-container elementor-column-gap-default\">\n\t\t\t\t\t<div class=\"elementor-column elementor-col-100 elementor-top-column elementor-element elementor-element-66a49046\" data-id=\"66a49046\" data-element_type=\"column\" data-e-type=\"column\">\n\t\t\t<div class=\"elementor-widget-wrap elementor-element-populated\">\n\t\t\t\t\t\t<div class=\"elementor-element elementor-element-2ad2d862 elementor-widget elementor-widget-spacer\" data-id=\"2ad2d862\" data-element_type=\"widget\" data-e-type=\"widget\" data-widget_type=\"spacer.default\">\n\t\t\t\t<div class=\"elementor-widget-container\">\n\t\t\t\t\t\t\t<div class=\"elementor-spacer\">\n\t\t\t<div class=\"elementor-spacer-inner\"><\/div>\n\t\t<\/div>\n\t\t\t\t\t\t<\/div>\n\t\t\t\t<\/div>\n\t\t\t\t\t<\/div>\n\t\t<\/div>\n\t\t\t\t\t<\/div>\n\t\t<\/section>\n\t\t\t\t<section class=\"elementor-section elementor-top-section elementor-element elementor-element-3d763a2 elementor-section-boxed elementor-section-height-default elementor-section-height-default\" data-id=\"3d763a2\" data-element_type=\"section\" data-e-type=\"section\">\n\t\t\t\t\t\t<div class=\"elementor-container elementor-column-gap-default\">\n\t\t\t\t\t<div class=\"elementor-column elementor-col-100 elementor-top-column elementor-element elementor-element-44791c96\" data-id=\"44791c96\" data-element_type=\"column\" data-e-type=\"column\">\n\t\t\t<div class=\"elementor-widget-wrap elementor-element-populated\">\n\t\t\t\t\t\t<div class=\"elementor-element elementor-element-638c53df elementor-widget elementor-widget-heading\" data-id=\"638c53df\" data-element_type=\"widget\" data-e-type=\"widget\" data-widget_type=\"heading.default\">\n\t\t\t\t<div class=\"elementor-widget-container\">\n\t\t\t\t\t<h2 class=\"elementor-heading-title elementor-size-default\">Praxis<\/h2>\t\t\t\t<\/div>\n\t\t\t\t<\/div>\n\t\t\t\t<div class=\"elementor-element elementor-element-b09e5db elementor-widget__width-initial elementor-widget elementor-widget-image\" data-id=\"b09e5db\" data-element_type=\"widget\" data-e-type=\"widget\" data-widget_type=\"image.default\">\n\t\t\t\t<div class=\"elementor-widget-container\">\n\t\t\t\t\t\t\t\t\t\t\t\t\t\t\t<img fetchpriority=\"high\" decoding=\"async\" width=\"768\" height=\"1152\" src=\"https:\/\/praxis-wiest.de\/wp-content\/uploads\/2021\/09\/Wartezimmer-768x1152.png\" class=\"attachment-medium_large size-medium_large wp-image-507\" alt=\"Ein Blick ins Wartezimmer\" srcset=\"https:\/\/praxis-wiest.de\/wp-content\/uploads\/2021\/09\/Wartezimmer-768x1152.png 768w, https:\/\/praxis-wiest.de\/wp-content\/uploads\/2021\/09\/Wartezimmer-200x300.png 200w, https:\/\/praxis-wiest.de\/wp-content\/uploads\/2021\/09\/Wartezimmer-683x1024.png 683w, https:\/\/praxis-wiest.de\/wp-content\/uploads\/2021\/09\/Wartezimmer.png 912w\" sizes=\"(max-width: 768px) 100vw, 768px\" \/>\t\t\t\t\t\t\t\t\t\t\t\t\t\t\t<\/div>\n\t\t\t\t<\/div>\n\t\t\t\t<div class=\"elementor-element elementor-element-7b65b6b elementor-widget elementor-widget-text-editor\" data-id=\"7b65b6b\" data-element_type=\"widget\" data-e-type=\"widget\" data-widget_type=\"text-editor.default\">\n\t\t\t\t<div class=\"elementor-widget-container\">\n\t\t\t\t\t\t\t\t\t<p><span style=\"color: #333333;\">\u00a0<\/span><\/p><p><span style=\"color: #333333;\"><strong>Bitte bringen Sie zu jedem Termin mit:<\/strong><\/span><\/p><ul><li><span style=\"color: #333333;\">Versichertenkarte Ihres Kindes<\/span><\/li><li><span style=\"color: #333333;\">Vorsorgeuntersuchungsheft<\/span><\/li><li><span style=\"color: #333333;\">Impfpass<\/span><\/li><li><span style=\"color: #333333;\">Handtuch\/Decke zum Unterlegen (S\u00e4uglinge und Kleinkinder)<\/span><\/li><\/ul><p><span style=\"color: #333333;\">Telefonate f\u00fcr R\u00fcckfragen werden zu den Sprechzeiten von unseren Mitarbeiterinnen angenommen. Bei Wunsch eines \u00e4rztlichen Gespr\u00e4ches bitten wir Sie, diese im Rahmen eines Termins wahrzunehmen.<\/span><br \/><span style=\"color: #333333;\">Telefonate werden von den \u00c4rztinnen nur nach Absprache gef\u00fchrt.<\/span><\/p><p><span style=\"color: #333333;\">Rezepte und \u00dcberweisungen k\u00f6nnen Sie gerne telefonisch oder per eMail &#8222;vorbestellen&#8220;. Denken Sie bitte daran, beim Abholen die Versichertenkarte Ihres Kindes mitzubringen. Ohne diese k\u00f6nnen wir Ihnen diese Unterlagen leider nicht ausstellen.<\/span><\/p>\t\t\t\t\t\t\t\t<\/div>\n\t\t\t\t<\/div>\n\t\t\t\t<div class=\"elementor-element elementor-element-eeb6246 elementor-widget-divider--view-line elementor-widget elementor-widget-divider\" data-id=\"eeb6246\" data-element_type=\"widget\" data-e-type=\"widget\" data-widget_type=\"divider.default\">\n\t\t\t\t<div class=\"elementor-widget-container\">\n\t\t\t\t\t\t\t<div class=\"elementor-divider\">\n\t\t\t<span class=\"elementor-divider-separator\">\n\t\t\t\t\t\t<\/span>\n\t\t<\/div>\n\t\t\t\t\t\t<\/div>\n\t\t\t\t<\/div>\n\t\t\t\t<div class=\"elementor-element elementor-element-2318b8df elementor-widget elementor-widget-text-editor\" data-id=\"2318b8df\" data-element_type=\"widget\" data-e-type=\"widget\" data-widget_type=\"text-editor.default\">\n\t\t\t\t<div class=\"elementor-widget-container\">\n\t\t\t\t\t\t\t\t\t<p class=\"absatz\"><span style=\"color: #000000;\">Wir streben kurze Wartezeiten f\u00fcr unsere Patienten an.<\/span><\/p><p class=\"absatz\"><strong><span style=\"color: #000000;\">Helfen Sie uns dabei, indem Sie:<\/span><\/strong><\/p><ul><li class=\"absatz\"><span style=\"color: #000000;\">rechtzeitig Termine vereinbaren.<\/span><\/li><li class=\"absatz\"><span style=\"color: #000000;\">f\u00fcr spezielle Untersuchungen oder l\u00e4ngere Beratungen gesonderte Termine au\u00dferhalb der normalen Sprechstunde vereinbaren.<\/span><\/li><li class=\"absatz\"><span style=\"color: #000000;\">auch in Notf\u00e4llen vor Ihrem Besuch anrufen.<\/span><\/li><li class=\"absatz\"><span style=\"color: #000000;\">Termine, die Sie nicht einhalten k\u00f6nnen, fr\u00fchzeitig absagen.<\/span><\/li><li class=\"absatz\"><span style=\"color: #000000;\">Wir geben Ihnen gerne einen Ersatztermin.<\/span><\/li><\/ul><p><span style=\"color: #000000;\">Selbstverst\u00e4ndlich werden <strong>Kinder mit notfallm\u00e4\u00dfig auftretenden Erkrankungen<\/strong> wie hohem Fieber, Erbrechen, Atemnot oder Verletzungen sofort behandelt. Wenn irgend m\u00f6glich, bitten wir auch hier, <strong>vorher noch kurz anzurufen<\/strong>, damit wir die n\u00f6tigen R\u00e4ume freihalten k\u00f6nnen. Sollten bei Patienten, die einen Termin haben, dann Wartezeiten entstehen, bitten wir zu bedenken, dass Sie selbst in Notf\u00e4llen nat\u00fcrlich auch sofort drankommen.<\/span><\/p><p><span style=\"color: #000000;\"><strong>Sagen Sie bitte in jedem Fall vorher Bescheid, wenn Sie glauben, dass Ihr Kind eine ansteckende Erkrankung hat!<\/strong><\/span><\/p><p><span style=\"color: #000000;\">W\u00fcnschen Sie eine personenbezogene Untersuchung Ihres Kindes, so geben Sie diesen Wunsch bitte bei der Terminplanung an.<\/span><\/p>\t\t\t\t\t\t\t\t<\/div>\n\t\t\t\t<\/div>\n\t\t\t\t\t<\/div>\n\t\t<\/div>\n\t\t\t\t\t<\/div>\n\t\t<\/section>\n\t\t\t\t<section class=\"elementor-section elementor-top-section elementor-element elementor-element-cc2558e elementor-section-boxed elementor-section-height-default elementor-section-height-default\" data-id=\"cc2558e\" data-element_type=\"section\" data-e-type=\"section\">\n\t\t\t\t\t\t<div class=\"elementor-container elementor-column-gap-default\">\n\t\t\t\t\t<div class=\"elementor-column elementor-col-100 elementor-top-column elementor-element elementor-element-67db9d0\" data-id=\"67db9d0\" data-element_type=\"column\" data-e-type=\"column\">\n\t\t\t<div class=\"elementor-widget-wrap elementor-element-populated\">\n\t\t\t\t\t\t<div class=\"elementor-element elementor-element-72e8b63 elementor-widget-divider--view-line elementor-widget elementor-widget-divider\" data-id=\"72e8b63\" data-element_type=\"widget\" data-e-type=\"widget\" data-widget_type=\"divider.default\">\n\t\t\t\t<div class=\"elementor-widget-container\">\n\t\t\t\t\t\t\t<div class=\"elementor-divider\">\n\t\t\t<span class=\"elementor-divider-separator\">\n\t\t\t\t\t\t<\/span>\n\t\t<\/div>\n\t\t\t\t\t\t<\/div>\n\t\t\t\t<\/div>\n\t\t\t\t<div class=\"elementor-element elementor-element-cc97c32 elementor-widget elementor-widget-heading\" data-id=\"cc97c32\" data-element_type=\"widget\" data-e-type=\"widget\" data-widget_type=\"heading.default\">\n\t\t\t\t<div class=\"elementor-widget-container\">\n\t\t\t\t\t<h2 class=\"elementor-heading-title elementor-size-default\">Sprechzeiten<\/h2>\t\t\t\t<\/div>\n\t\t\t\t<\/div>\n\t\t\t\t\t<\/div>\n\t\t<\/div>\n\t\t\t\t\t<\/div>\n\t\t<\/section>\n\t\t\t\t<section class=\"elementor-section elementor-top-section elementor-element elementor-element-e5fdc12 elementor-section-boxed elementor-section-height-default elementor-section-height-default\" data-id=\"e5fdc12\" data-element_type=\"section\" data-e-type=\"section\">\n\t\t\t\t\t\t<div class=\"elementor-container elementor-column-gap-default\">\n\t\t\t\t\t<div class=\"elementor-column elementor-col-100 elementor-top-column elementor-element elementor-element-839db1d\" data-id=\"839db1d\" data-element_type=\"column\" data-e-type=\"column\">\n\t\t\t<div class=\"elementor-widget-wrap elementor-element-populated\">\n\t\t\t\t\t\t<div class=\"elementor-element elementor-element-914469e elementor-widget elementor-widget-text-editor\" data-id=\"914469e\" data-element_type=\"widget\" data-e-type=\"widget\" data-widget_type=\"text-editor.default\">\n\t\t\t\t<div class=\"elementor-widget-container\">\n\t\t\t\t\t\t\t\t\t<p class=\"MsoNormal\"><b>Termin-Sprechstunde<\/b><o:p><\/o:p><\/p><p class=\"MsoNormal\">Vormittags: Mo \u2013 Fr 9-12:30 Uhr<o:p><\/o:p><\/p><p class=\"MsoNormal\">Nachmittags:&nbsp; Mo, Di, Do: 15:00 &#8211; 17:00 Uhr<o:p><\/o:p><\/p><p class=\"MsoNormal\">Mi- und Fr- Nachmittag: geschlossen<o:p><\/o:p><\/p><p class=\"MsoNormal\">(und dar\u00fcber hinaus nur nach Vereinbarung)<o:p><\/o:p><\/p><p class=\"MsoNormal\"><b><br>\nSprechstunde f\u00fcr akute Erkrankungen<\/b><o:p><\/o:p><\/p><p class=\"MsoNormal\">(nach Vereinbarung per Telefon oder per E-Mail)<o:p><\/o:p><\/p><p class=\"MsoNormal\">Mo.- Fr.: 11.00-14:00 Uhr<o:p><\/o:p><\/p><p class=\"MsoNormal\"><o:p>&nbsp;<\/o:p><\/p><p class=\"MsoNormal\"><b>Erreichbarkeit der Praxis<\/b> (telefonisch oder per Mail)<o:p><\/o:p><\/p><p class=\"MsoNormal\">f\u00fcr Terminabsprachen, Rezeptw\u00fcnsche und Befundanfragen<o:p><\/o:p><\/p><p class=\"MsoNormal\">Vormittags: Mo-Fr 8:00-12:30 Uhr<br>\nNachmittags: Mo, Di, Do 15:00-18:00 Uhr<o:p><\/o:p><\/p><p class=\"MsoNormal\">Notf\u00e4lle: Mo, Di, Do 12:30-15:00 Uhr unter 0176 \/ 355 64 551<o:p><\/o:p><\/p><p>\n\n\n\n\n\n\n\n\n\n\n\n\n\n\n\n\n\n\n\n\n\n\n\n\n\n<\/p><p class=\"MsoNormal\">Lebensbedrohliche Notf\u00e4lle: 112<o:p><\/o:p><\/p>\t\t\t\t\t\t\t\t<\/div>\n\t\t\t\t<\/div>\n\t\t\t\t<div class=\"elementor-element elementor-element-9460d4e elementor-widget elementor-widget-image\" data-id=\"9460d4e\" data-element_type=\"widget\" data-e-type=\"widget\" data-widget_type=\"image.default\">\n\t\t\t\t<div class=\"elementor-widget-container\">\n\t\t\t\t\t\t\t\t\t\t\t\t\t\t\t<img decoding=\"async\" width=\"50\" height=\"50\" src=\"https:\/\/praxis-wiest.de\/wp-content\/uploads\/2021\/09\/bild_absatz02.jpg\" class=\"attachment-large size-large wp-image-517\" alt=\"\" \/>\t\t\t\t\t\t\t\t\t\t\t\t\t\t\t<\/div>\n\t\t\t\t<\/div>\n\t\t\t\t\t<\/div>\n\t\t<\/div>\n\t\t\t\t\t<\/div>\n\t\t<\/section>\n\t\t\t\t<section class=\"elementor-section elementor-top-section elementor-element elementor-element-a8e0297 elementor-section-boxed elementor-section-height-default elementor-section-height-default\" data-id=\"a8e0297\" data-element_type=\"section\" data-e-type=\"section\">\n\t\t\t\t\t\t<div class=\"elementor-container elementor-column-gap-default\">\n\t\t\t\t\t<div class=\"elementor-column elementor-col-100 elementor-top-column elementor-element elementor-element-d8afd3c\" data-id=\"d8afd3c\" data-element_type=\"column\" data-e-type=\"column\">\n\t\t\t<div class=\"elementor-widget-wrap elementor-element-populated\">\n\t\t\t\t\t\t<div class=\"elementor-element elementor-element-3ba2669 elementor-widget elementor-widget-heading\" data-id=\"3ba2669\" data-element_type=\"widget\" data-e-type=\"widget\" data-widget_type=\"heading.default\">\n\t\t\t\t<div class=\"elementor-widget-container\">\n\t\t\t\t\t<h2 class=\"elementor-heading-title elementor-size-default\"><strong>Videosprechstunde<\/strong><\/h2>\t\t\t\t<\/div>\n\t\t\t\t<\/div>\n\t\t\t\t\t<\/div>\n\t\t<\/div>\n\t\t\t\t\t<\/div>\n\t\t<\/section>\n\t\t\t\t<section class=\"elementor-section elementor-top-section elementor-element elementor-element-3465adc elementor-section-boxed elementor-section-height-default elementor-section-height-default\" data-id=\"3465adc\" data-element_type=\"section\" data-e-type=\"section\">\n\t\t\t\t\t\t<div class=\"elementor-container elementor-column-gap-default\">\n\t\t\t\t\t<div class=\"elementor-column elementor-col-100 elementor-top-column elementor-element elementor-element-55fc173\" data-id=\"55fc173\" data-element_type=\"column\" data-e-type=\"column\">\n\t\t\t<div class=\"elementor-widget-wrap elementor-element-populated\">\n\t\t\t\t\t\t<div class=\"elementor-element elementor-element-2a4461d elementor-widget elementor-widget-text-editor\" data-id=\"2a4461d\" data-element_type=\"widget\" data-e-type=\"widget\" data-widget_type=\"text-editor.default\">\n\t\t\t\t<div class=\"elementor-widget-container\">\n\t\t\t\t\t\t\t\t\t<p>Wir bieten eine Videosprechstunde an in einzelnen F\u00e4llen, wo dies <strong>m\u00f6glich und sinnvoll<\/strong> ist:<\/p><p>&#8211; eine erste Beratung bei nicht-akuten Fragestellungen<\/p><p>&#8211; Verlaufskontrollen<\/p><p>&#8211; Vermeidung eines direkten Kontaktes in der Praxis, wo dies geboten scheint<\/p><p>&#8211; Fragen im Rahmen einer Behandlung<\/p><p><strong>Nicht sinnvoll<\/strong> ist eine Videosprechstunde<\/p><p>&#8211; bei akuten Erkrankungen<\/p><p>&#8211; bei Vergiftungen<\/p><p>&#8211; bei Unf\u00e4llen<\/p><p>&#8211; in allen F\u00e4llen, wo ein Arzt seinen Patienten pers\u00f6nlich sehen und &#8222;mit allen Sinnen&#8220; erfassen muss<\/p><p>Unsere Videosprechstunde k\u00f6nnen Sie \u00fcber die App &#8222;Meine P\u00e4diatrische Praxis&#8220; aufrufen. Der Anbieter ist von der kassen\u00e4rztlichen Bundesvereinigung (<a href=\"https:\/\/www.kbv.de\/html\/videosprechstunde.php\">KBV<\/a>) hierf\u00fcr zertifiziert. Bitte laden Sie sich hierf\u00fcr die App auf Ihr Mobilfunkger\u00e4t, siehe:\u00a0 <a href=\"https:\/\/praxis-wiest.de\/?page_id=155\">Aktuelles<\/a><\/p><p>Sprechen Sie uns bei der Terminanfrage an, wenn Sie einen Kontakt per Videosprechstunde w\u00fcnschen.<\/p>\t\t\t\t\t\t\t\t<\/div>\n\t\t\t\t<\/div>\n\t\t\t\t<div class=\"elementor-element elementor-element-39ea8cd elementor-widget elementor-widget-spacer\" data-id=\"39ea8cd\" data-element_type=\"widget\" data-e-type=\"widget\" data-widget_type=\"spacer.default\">\n\t\t\t\t<div class=\"elementor-widget-container\">\n\t\t\t\t\t\t\t<div class=\"elementor-spacer\">\n\t\t\t<div class=\"elementor-spacer-inner\"><\/div>\n\t\t<\/div>\n\t\t\t\t\t\t<\/div>\n\t\t\t\t<\/div>\n\t\t\t\t\t<\/div>\n\t\t<\/div>\n\t\t\t\t\t<\/div>\n\t\t<\/section>\n\t\t\t\t<section class=\"elementor-section elementor-top-section elementor-element elementor-element-517dc437 elementor-section-boxed elementor-section-height-default elementor-section-height-default\" data-id=\"517dc437\" data-element_type=\"section\" data-e-type=\"section\">\n\t\t\t\t\t\t<div class=\"elementor-container elementor-column-gap-default\">\n\t\t\t\t\t<div class=\"elementor-column elementor-col-100 elementor-top-column elementor-element elementor-element-539d7775\" data-id=\"539d7775\" data-element_type=\"column\" data-e-type=\"column\">\n\t\t\t<div class=\"elementor-widget-wrap elementor-element-populated\">\n\t\t\t\t\t\t<div class=\"elementor-element elementor-element-3864cc3d elementor-widget elementor-widget-heading\" data-id=\"3864cc3d\" data-element_type=\"widget\" data-e-type=\"widget\" data-widget_type=\"heading.default\">\n\t\t\t\t<div class=\"elementor-widget-container\">\n\t\t\t\t\t<h2 class=\"elementor-heading-title elementor-size-default\">Ein paar einfache Bitten von uns an Sie<\/h2>\t\t\t\t<\/div>\n\t\t\t\t<\/div>\n\t\t\t\t<div class=\"elementor-element elementor-element-165f68d7 elementor-widget elementor-widget-text-editor\" data-id=\"165f68d7\" data-element_type=\"widget\" data-e-type=\"widget\" data-widget_type=\"text-editor.default\">\n\t\t\t\t<div class=\"elementor-widget-container\">\n\t\t\t\t\t\t\t\t\t<ul>\n<li>Bitte geben Sie zu Beginn einer Behandlung oder am Anfang eines Quartals die <strong>Versicherungskarte ihres Kindes oder einen \u00dcberweisungsschein<\/strong> <strong>Vergessen Sie bitte nicht das gelbe Vorsorgeuntersuchungs-Heft und den Impfpass. <\/strong><\/li>\n<li>Wir m\u00f6chten alle Ihre Fragen beantworten. Machen Sie sich doch gerne schon zu Hause Notizen, damit Sie bei Ihrem Termin nicht vergessen, was Sie alles fragen und besprechen wollten.<\/li>\n<li>Damit sich Ihr Kind wohlf\u00fchlt, bringen Sie bitte <strong>ein Handtuch<\/strong> als Unterlage und vielleicht auch die Lieblingspuppe oder das Lieblingskuscheltier zur Untersuchung mit.<\/li>\n<li>Im Untersuchungszimmer \u00f6ffnen Sie bitte die Kleidung (z.B. Einteiler) soweit, dass das Kind untersucht werden kann. Ihr Kind muss nicht unbekleidet warten.<\/li>\n<li>Auf die Untersuchungsliege immer ohne Schuhe. Bitte vorher ausziehen.<\/li>\n<li>Medikamente, die ohne R\u00fccksprache mit uns gekauft wurden (auch wenn vom Apotheker empfohlen), k\u00f6nnen nicht in jedem Fall nachtr\u00e4glich rezeptiert werden.<\/li>\n<li><strong>Teilen Sie uns bitte einen Wechsel der Krankenkasse, Adresse oder der Telefonnummer umgehend mit.<\/strong><\/li>\n<\/ul>\t\t\t\t\t\t\t\t<\/div>\n\t\t\t\t<\/div>\n\t\t\t\t\t<\/div>\n\t\t<\/div>\n\t\t\t\t\t<\/div>\n\t\t<\/section>\n\t\t\t\t<\/div>\n\t\t","protected":false},"excerpt":{"rendered":"<p>Praxis \u00a0 Bitte bringen Sie zu jedem Termin mit: Versichertenkarte Ihres Kindes Vorsorgeuntersuchungsheft Impfpass Handtuch\/Decke zum Unterlegen (S\u00e4uglinge und Kleinkinder) Telefonate f\u00fcr R\u00fcckfragen werden zu den Sprechzeiten von unseren Mitarbeiterinnen angenommen. Bei Wunsch eines \u00e4rztlichen Gespr\u00e4ches bitten wir Sie, diese im Rahmen eines Termins wahrzunehmen.Telefonate werden von den \u00c4rztinnen nur nach Absprache gef\u00fchrt. Rezepte und [&hellip;]<\/p>\n","protected":false},"author":1,"featured_media":0,"parent":0,"menu_order":0,"comment_status":"closed","ping_status":"closed","template":"","meta":{"ocean_post_layout":"","ocean_both_sidebars_style":"","ocean_both_sidebars_content_width":0,"ocean_both_sidebars_sidebars_width":0,"ocean_sidebar":"","ocean_second_sidebar":"","ocean_disable_margins":"enable","ocean_add_body_class":"","ocean_shortcode_before_top_bar":"","ocean_shortcode_after_top_bar":"","ocean_shortcode_before_header":"","ocean_shortcode_after_header":"","ocean_has_shortcode":"","ocean_shortcode_after_title":"","ocean_shortcode_before_footer_widgets":"","ocean_shortcode_after_footer_widgets":"","ocean_shortcode_before_footer_bottom":"","ocean_shortcode_after_footer_bottom":"","ocean_display_top_bar":"default","ocean_display_header":"default","ocean_header_style":"","ocean_center_header_left_menu":"","ocean_custom_header_template":"","ocean_custom_logo":0,"ocean_custom_retina_logo":0,"ocean_custom_logo_max_width":0,"ocean_custom_logo_tablet_max_width":0,"ocean_custom_logo_mobile_max_width":0,"ocean_custom_logo_max_height":0,"ocean_custom_logo_tablet_max_height":0,"ocean_custom_logo_mobile_max_height":0,"ocean_header_custom_menu":"","ocean_menu_typo_font_family":"","ocean_menu_typo_font_subset":"","ocean_menu_typo_font_size":0,"ocean_menu_typo_font_size_tablet":0,"ocean_menu_typo_font_size_mobile":0,"ocean_menu_typo_font_size_unit":"px","ocean_menu_typo_font_weight":"","ocean_menu_typo_font_weight_tablet":"","ocean_menu_typo_font_weight_mobile":"","ocean_menu_typo_transform":"","ocean_menu_typo_transform_tablet":"","ocean_menu_typo_transform_mobile":"","ocean_menu_typo_line_height":0,"ocean_menu_typo_line_height_tablet":0,"ocean_menu_typo_line_height_mobile":0,"ocean_menu_typo_line_height_unit":"","ocean_menu_typo_spacing":0,"ocean_menu_typo_spacing_tablet":0,"ocean_menu_typo_spacing_mobile":0,"ocean_menu_typo_spacing_unit":"","ocean_menu_link_color":"","ocean_menu_link_color_hover":"","ocean_menu_link_color_active":"","ocean_menu_link_background":"","ocean_menu_link_hover_background":"","ocean_menu_link_active_background":"","ocean_menu_social_links_bg":"","ocean_menu_social_hover_links_bg":"","ocean_menu_social_links_color":"","ocean_menu_social_hover_links_color":"","ocean_disable_title":"default","ocean_disable_heading":"default","ocean_post_title":"","ocean_post_subheading":"","ocean_post_title_style":"","ocean_post_title_background_color":"","ocean_post_title_background":0,"ocean_post_title_bg_image_position":"","ocean_post_title_bg_image_attachment":"","ocean_post_title_bg_image_repeat":"","ocean_post_title_bg_image_size":"","ocean_post_title_height":0,"ocean_post_title_bg_overlay":0.5,"ocean_post_title_bg_overlay_color":"","ocean_disable_breadcrumbs":"default","ocean_breadcrumbs_color":"","ocean_breadcrumbs_separator_color":"","ocean_breadcrumbs_links_color":"","ocean_breadcrumbs_links_hover_color":"","ocean_display_footer_widgets":"default","ocean_display_footer_bottom":"default","ocean_custom_footer_template":"","footnotes":""},"class_list":["post-23","page","type-page","status-publish","hentry","entry"],"_links":{"self":[{"href":"https:\/\/praxis-wiest.de\/index.php?rest_route=\/wp\/v2\/pages\/23","targetHints":{"allow":["GET"]}}],"collection":[{"href":"https:\/\/praxis-wiest.de\/index.php?rest_route=\/wp\/v2\/pages"}],"about":[{"href":"https:\/\/praxis-wiest.de\/index.php?rest_route=\/wp\/v2\/types\/page"}],"author":[{"embeddable":true,"href":"https:\/\/praxis-wiest.de\/index.php?rest_route=\/wp\/v2\/users\/1"}],"replies":[{"embeddable":true,"href":"https:\/\/praxis-wiest.de\/index.php?rest_route=%2Fwp%2Fv2%2Fcomments&post=23"}],"version-history":[{"count":97,"href":"https:\/\/praxis-wiest.de\/index.php?rest_route=\/wp\/v2\/pages\/23\/revisions"}],"predecessor-version":[{"id":1115,"href":"https:\/\/praxis-wiest.de\/index.php?rest_route=\/wp\/v2\/pages\/23\/revisions\/1115"}],"wp:attachment":[{"href":"https:\/\/praxis-wiest.de\/index.php?rest_route=%2Fwp%2Fv2%2Fmedia&parent=23"}],"curies":[{"name":"wp","href":"https:\/\/api.w.org\/{rel}","templated":true}]}}